{"id":1875,"date":"2025-07-31T16:57:15","date_gmt":"2025-07-31T14:57:15","guid":{"rendered":"https:\/\/mikropol-berlin.de\/?page_id=1875"},"modified":"2025-09-19T13:53:15","modified_gmt":"2025-09-19T11:53:15","slug":"home","status":"publish","type":"page","link":"https:\/\/mikropol-berlin.de\/en\/","title":{"rendered":"Home"},"content":{"rendered":"<div class=\"gb-container gb-container-f30a3176 home-hero\">\n\n<div class=\"spotlight\"><\/div>\n\n\n<div class=\"gb-container gb-container-d4571892 home-hero-content\">\n\n<figure class=\"gb-block-image gb-block-image-798fb0e9\"><img loading=\"lazy\" decoding=\"async\" width=\"168\" height=\"168\" class=\"gb-image gb-image-798fb0e9 mikropol-icon\" src=\"https:\/\/mikropol-berlin.de\/wp-content\/uploads\/2025\/06\/icon.svg\" alt=\"\" title=\"icon\"\/><\/figure>\n\n\n\n<h1 class=\"gb-headline gb-headline-45ef2e61 gb-headline-text home-hero-title-h1\">Berlin's culture has a new home<\/h1>\n\n\n\n<h2 class=\"gb-headline gb-headline-f17486fc gb-headline-text home-hero-title-h2\">Your cultural cosmos in the heart of Sch\u00f6neberg. <\/h2>\n\n<\/div>\n<\/div>\n\n    <style>\r\n        #breaking-news-ticker {\r\n            background: var(--off-black);\r\n            color: white; \r\n            padding: 10px; \r\n            position: relative; \r\n            width: 100%; \r\n            text-align: center; \r\n            z-index: 2;\r\n            font-weight: 600;\r\n            overflow: hidden;\r\n            margin-top: -50px;\r\n        }\r\n\r\n        .marquee-wrapper {\r\n            display: inline-block;\r\n            white-space: nowrap;\r\n            animation: marquee 30s linear infinite;\r\n            opacity: 0;\r\n            transition: opacity 1s ease-in;\r\n        }\r\n\r\n        @keyframes marquee {\r\n            0% { transform: translateX(0); }\r\n            100% { transform: translateX(-100%); }\r\n        }\r\n\r\n        #breaking-news-ticker:hover .marquee-wrapper {\r\n            animation-play-state: paused;\r\n        }\r\n    <\/style>\r\n\r\n    <div id=\"breaking-news-ticker\">\r\n        <div class=\"marquee-wrapper\">\r\n            <a href=\"\" class=\"marquee-text\" style=\"color: white; text-decoration: none; font-weight: 600;\">\r\n                Breaking News! +++ Breaking News! +++ Breaking News! +++ Breaking News! +++ Breaking News! +++ Breaking News! +++ Breaking News! +++ Breaking News! +++ Breaking News! +++ Breaking News!            <\/a>\r\n        <\/div>\r\n    <\/div>\r\n\r\n    <script>\r\n        document.addEventListener(\"DOMContentLoaded\", function() {\r\n            setTimeout(function() {\r\n                document.querySelector(\".marquee-wrapper\").style.opacity = \"1\";\r\n            }, 100);\r\n        });\r\n\r\n        let endTimestamp = 0;\r\n        let currentTimestamp = new Date().getTime();\r\n\r\n        if (currentTimestamp > endTimestamp) {\r\n            document.getElementById(\"breaking-news-ticker\").style.display = \"none\";\r\n        } else {\r\n            setTimeout(function() {\r\n                document.getElementById(\"breaking-news-ticker\").style.display = \"none\";\r\n            }, endTimestamp - currentTimestamp);\r\n        }\r\n    <\/script>\r\n    \n\n\n<div class=\"gb-container gb-container-86114453\">\n<div class=\"gb-container gb-container-f1c14ce6\">\n\n<h3 class=\"gb-headline gb-headline-059d7f64 gb-headline-text\">Bookings are now possible for:<\/h3>\n\n<\/div>\n\n<div class=\"gb-container gb-container-6b70f2d2\">\n\n<p class=\"gb-headline gb-headline-03beeb42 gb-headline-text\">... Club concerts with up to 250 people<\/p>\n\n<\/div>\n\n<div class=\"gb-container gb-container-5b407038\">\n\n<p class=\"gb-headline gb-headline-7d558419 gb-headline-text\">... Club events with up to 250 people<\/p>\n\n<\/div>\n\n<div class=\"gb-container gb-container-5b394c77\">\n\n<p class=\"gb-headline gb-headline-a3b1f1c6 gb-headline-text\">... Reading sessions &amp; cultural events on a small scale for up to 100 people<\/p>\n\n<\/div>\n\n<div class=\"gb-container gb-container-c06d1332\">\n\n<p class=\"gb-headline gb-headline-0f117722 gb-headline-text\">... Company dinners &amp; events from 50 to 150 people<\/p>\n\n<\/div>\n\n<div class=\"gb-container gb-container-48399291\">\n\n<h3 class=\"gb-headline gb-headline-a9168279 gb-headline-text booking-contact\">at:<br><a href=\"mailto:booking@mikropol-berlin.de\">booking@mikropol-berlin.de<\/a><\/h3>\n\n<\/div>\n<\/div>\n\n<div class=\"gb-container gb-container-395ba660\" id=\"events\">\n<div class=\"gb-container gb-container-91237cf4\">\n\n<h2 class=\"gb-headline gb-headline-ddb99c1d gb-headline-text\">Upcoming<\/h2>\n\n\n\n<a class=\"gb-button gb-button-099e4161 gb-button-text\" href=\"\/en\/events\/\">Show all events<\/a>\n\n<\/div>\n\n<div class=\"gb-container gb-container-e29135ab\">\n<div class=\"em-view-container\" id=\"em-view-818191080\" data-view=\"grid\" style=\"--view-grid-width : 250px\">\r\n\t<div class=\"em-list em-events-list em-grid em-events-grid\" id=\"em-events-grid-818191080\" data-view-id=\"818191080\">\r\n\t<div class=\"event\">\r\n<div class=\"categories-tags\">\t<ul class=\"event-categories\">\r\n\t\t\t\t\t<li><a href=\"https:\/\/mikropol-berlin.de\/en\/event\/categories\/konzert\/\">Concert<\/a><\/li>\r\n\t\t\t<\/ul>\r\n\t <div class=\"eventtags\"><\/div><\/div>\r\n<a href=\"https:\/\/mikropol-berlin.de\/en\/event\/2026-05-07-taylor-acorn\/\">\r\n<div class=\"eventdata\">\r\n\r\n<span class=\"eventname\">TAYLOR ACORN<\/span>\r\n <span class=\"support\">+support: willt<\/h2>\r\n<div class=\"date\">7.05.2026<\/div>\r\n<\/a><\/div>\r\n\r\n<\/div><div class=\"event\">\r\n<div class=\"categories-tags\">\t<ul class=\"event-categories\">\r\n\t\t\t\t\t<li><a href=\"https:\/\/mikropol-berlin.de\/en\/event\/categories\/konzert\/\">Concert<\/a><\/li>\r\n\t\t\t<\/ul>\r\n\t <div class=\"eventtags\"><\/div><\/div>\r\n<a href=\"https:\/\/mikropol-berlin.de\/en\/event\/2026-05-08-wesley-joseph\/\">\r\n<div class=\"eventdata\">\r\n\r\n<span class=\"eventname\">WESLEY JOSEPH<\/span>\r\n\r\n<div class=\"date\">8.05.2026<\/div>\r\n<\/a><\/div>\r\n\r\n<\/div><div class=\"event Abgesagt\">\r\n<div class=\"categories-tags\">\t<ul class=\"event-categories\">\r\n\t\t\t\t\t<li><a href=\"https:\/\/mikropol-berlin.de\/en\/event\/categories\/konzert\/\">Concert<\/a><\/li>\r\n\t\t\t<\/ul>\r\n\t <div class=\"eventtags\"><\/div><\/div>\r\n<a href=\"https:\/\/mikropol-berlin.de\/en\/event\/2026-05-09-js-scotty-kii\/\">\r\n<div class=\"eventdata\">\r\n<div class=\"canceledsoldout Abgesagt\"><span>Abgesagt<\/span><\/div>\r\n<span class=\"eventname\">Js. Scotty &#038; Kii<\/span>\r\n <span class=\"support\">ONE WAY TOUR 2026<\/h2>\r\n<div class=\"date\">9.05.2026<\/div>\r\n<\/a><\/div>\r\n\r\n<\/div><div class=\"event\">\r\n<div class=\"categories-tags\">\t<ul class=\"event-categories\">\r\n\t\t\t\t\t<li><a href=\"https:\/\/mikropol-berlin.de\/en\/event\/categories\/konzert\/\">Concert<\/a><\/li>\r\n\t\t\t<\/ul>\r\n\t <div class=\"eventtags\"><\/div><\/div>\r\n<a href=\"https:\/\/mikropol-berlin.de\/en\/event\/2026-05-10-ishan\/\">\r\n<div class=\"eventdata\">\r\n\r\n<span class=\"eventname\">Ishan<\/span>\r\n <span class=\"support\">Support: Isaac Jensen<\/h2>\r\n<div class=\"date\">10.05.2026<\/div>\r\n<\/a><\/div>\r\n\r\n<\/div>\t<\/div>\r\n<\/div>\n\n<\/div>\n<\/div>\n\n<div class=\"gb-container gb-container-5ffd4a9b\">\n\n<div class=\"gb-headline gb-headline-aeca4084 gb-headline-text\">Accessibility<\/div>\n\n\n\n<p>It is important to us that everyone feels welcome here and we attach great importance to inclusion. That's why our club has barrier-free access - a ramp takes you comfortably to the first floor directly into the event room. There is also a barrier-free toilet there. Unfortunately, the basement area is not barrier-free for structural reasons.<\/p>\n\n\n\n<p class=\"translation-block\">If you have any questions or need support, please contact us in advance or speak to us directly on site - <a href=\"\/en\/contact\" target=\"_self\">we are here for you<\/a>.<\/p>\n\n<\/div>","protected":false},"excerpt":{"rendered":"<p>Berlins Kultur hat eine neue Heimat Dein Kulturkosmos im Sch\u00f6neberger Herzen Berlins. Buchungen sind ab sofort m\u00f6glich f\u00fcr: \u2026 Clubkonzerte mit bis zu 250 Personen \u2026 Clubveranstaltungen mit bis zu 250 Personen \u2026 Lesesessions &amp; Kulturevents im kleinen Rahmen bis zu 100 Personen \u2026 Firmendinner &amp; Events von 50 bis 150 Personen unter:booking@mikropol-berlin.de Dem\u00e4chst Barrierefreiheit &#8230; <a title=\"Home\" class=\"read-more\" href=\"https:\/\/mikropol-berlin.de\/en\/\" aria-label=\"Read more about Home\">Read more<\/a><\/p>","protected":false},"author":2,"featured_media":0,"parent":0,"menu_order":0,"comment_status":"closed","ping_status":"closed","template":"","meta":{"_acf_changed":false,"footnotes":""},"class_list":["post-1875","page","type-page","status-publish"],"acf":[],"yoast_head":"<!-- This site is optimized with the Yoast SEO plugin v27.4 - https:\/\/yoast.com\/product\/yoast-seo-wordpress\/ -->\n<title>mikropol - Dein Kulturkosmos im Herzen Berlins<\/title>\n<meta name=\"robots\" content=\"index, follow, max-snippet:-1, max-image-preview:large, max-video-preview:-1\" \/>\n<link rel=\"canonical\" href=\"https:\/\/mikropol-berlin.de\/en\/\" \/>\n<meta property=\"og:locale\" content=\"en_GB\" \/>\n<meta property=\"og:type\" content=\"article\" \/>\n<meta property=\"og:title\" content=\"mikropol - Dein Kulturkosmos im Herzen Berlins\" \/>\n<meta property=\"og:description\" content=\"Berlins Kultur hat eine neue Heimat Dein Kulturkosmos im Sch\u00f6neberger Herzen Berlins. Buchungen sind ab sofort m\u00f6glich f\u00fcr: \u2026 Clubkonzerte mit bis zu 250 Personen \u2026 Clubveranstaltungen mit bis zu 250 Personen \u2026 Lesesessions &amp; Kulturevents im kleinen Rahmen bis zu 100 Personen \u2026 Firmendinner &amp; Events von 50 bis 150 Personen unter:booking@mikropol-berlin.de Dem\u00e4chst Barrierefreiheit ... Read more\" \/>\n<meta property=\"og:url\" content=\"https:\/\/mikropol-berlin.de\/en\/\" \/>\n<meta property=\"og:site_name\" content=\"mikropol\" \/>\n<meta property=\"article:publisher\" content=\"https:\/\/facebook.com\/mikropolberlin\" \/>\n<meta property=\"article:modified_time\" content=\"2025-09-19T11:53:15+00:00\" \/>\n<meta property=\"og:image\" content=\"https:\/\/mikropol-berlin.de\/wp-content\/uploads\/2025\/06\/icon.svg\" \/>\n<meta name=\"twitter:card\" content=\"summary_large_image\" \/>\n<meta name=\"twitter:site\" content=\"@mikropolberlin\" \/>\n<meta name=\"twitter:label1\" content=\"Estimated reading time\" \/>\n\t<meta name=\"twitter:data1\" content=\"1 minute\" \/>\n<script type=\"application\/ld+json\" class=\"yoast-schema-graph\">{\"@context\":\"https:\\\/\\\/schema.org\",\"@graph\":[{\"@type\":\"WebPage\",\"@id\":\"https:\\\/\\\/mikropol-berlin.de\\\/\",\"url\":\"https:\\\/\\\/mikropol-berlin.de\\\/\",\"name\":\"mikropol - Dein Kulturkosmos im Herzen Berlins\",\"isPartOf\":{\"@id\":\"https:\\\/\\\/mikropol-berlin.de\\\/#website\"},\"primaryImageOfPage\":{\"@id\":\"https:\\\/\\\/mikropol-berlin.de\\\/#primaryimage\"},\"image\":{\"@id\":\"https:\\\/\\\/mikropol-berlin.de\\\/#primaryimage\"},\"thumbnailUrl\":\"https:\\\/\\\/mikropol-berlin.de\\\/wp-content\\\/uploads\\\/2025\\\/06\\\/icon.svg\",\"datePublished\":\"2025-07-31T14:57:15+00:00\",\"dateModified\":\"2025-09-19T11:53:15+00:00\",\"breadcrumb\":{\"@id\":\"https:\\\/\\\/mikropol-berlin.de\\\/#breadcrumb\"},\"inLanguage\":\"en-GB\",\"potentialAction\":[{\"@type\":\"ReadAction\",\"target\":[\"https:\\\/\\\/mikropol-berlin.de\\\/\"]}]},{\"@type\":\"ImageObject\",\"inLanguage\":\"en-GB\",\"@id\":\"https:\\\/\\\/mikropol-berlin.de\\\/#primaryimage\",\"url\":\"https:\\\/\\\/mikropol-berlin.de\\\/wp-content\\\/uploads\\\/2025\\\/06\\\/icon.svg\",\"contentUrl\":\"https:\\\/\\\/mikropol-berlin.de\\\/wp-content\\\/uploads\\\/2025\\\/06\\\/icon.svg\"},{\"@type\":\"BreadcrumbList\",\"@id\":\"https:\\\/\\\/mikropol-berlin.de\\\/#breadcrumb\",\"itemListElement\":[{\"@type\":\"ListItem\",\"position\":1,\"name\":\"Startseite\",\"item\":\"https:\\\/\\\/mikropol-berlin.de\\\/\"},{\"@type\":\"ListItem\",\"position\":2,\"name\":\"Home\"}]},{\"@type\":\"WebSite\",\"@id\":\"https:\\\/\\\/mikropol-berlin.de\\\/#website\",\"url\":\"https:\\\/\\\/mikropol-berlin.de\\\/\",\"name\":\"Mikropol Berlin\",\"description\":\"Dein Kulturkosmos im Herzen Berlins\",\"publisher\":{\"@id\":\"https:\\\/\\\/mikropol-berlin.de\\\/#organization\"},\"potentialAction\":[{\"@type\":\"SearchAction\",\"target\":{\"@type\":\"EntryPoint\",\"urlTemplate\":\"https:\\\/\\\/mikropol-berlin.de\\\/?s={search_term_string}\"},\"query-input\":{\"@type\":\"PropertyValueSpecification\",\"valueRequired\":true,\"valueName\":\"search_term_string\"}}],\"inLanguage\":\"en-GB\"},{\"@type\":\"Organization\",\"@id\":\"https:\\\/\\\/mikropol-berlin.de\\\/#organization\",\"name\":\"Mikropol Berlin\",\"url\":\"https:\\\/\\\/mikropol-berlin.de\\\/\",\"logo\":{\"@type\":\"ImageObject\",\"inLanguage\":\"en-GB\",\"@id\":\"https:\\\/\\\/mikropol-berlin.de\\\/#\\\/schema\\\/logo\\\/image\\\/\",\"url\":\"https:\\\/\\\/mikropol-berlin.de\\\/wp-content\\\/uploads\\\/2024\\\/10\\\/logo.svg\",\"contentUrl\":\"https:\\\/\\\/mikropol-berlin.de\\\/wp-content\\\/uploads\\\/2024\\\/10\\\/logo.svg\",\"width\":315,\"height\":81,\"caption\":\"Mikropol Berlin\"},\"image\":{\"@id\":\"https:\\\/\\\/mikropol-berlin.de\\\/#\\\/schema\\\/logo\\\/image\\\/\"},\"sameAs\":[\"https:\\\/\\\/facebook.com\\\/mikropolberlin\",\"https:\\\/\\\/x.com\\\/mikropolberlin\",\"https:\\\/\\\/instagram.com\\\/mikropolberlin\"]}]}<\/script>\n<!-- \/ Yoast SEO plugin. -->","yoast_head_json":{"title":"mikropol - Dein Kulturkosmos im Herzen Berlins","robots":{"index":"index","follow":"follow","max-snippet":"max-snippet:-1","max-image-preview":"max-image-preview:large","max-video-preview":"max-video-preview:-1"},"canonical":"https:\/\/mikropol-berlin.de\/en\/","og_locale":"en_GB","og_type":"article","og_title":"mikropol - Dein Kulturkosmos im Herzen Berlins","og_description":"Berlins Kultur hat eine neue Heimat Dein Kulturkosmos im Sch\u00f6neberger Herzen Berlins. Buchungen sind ab sofort m\u00f6glich f\u00fcr: \u2026 Clubkonzerte mit bis zu 250 Personen \u2026 Clubveranstaltungen mit bis zu 250 Personen \u2026 Lesesessions &amp; Kulturevents im kleinen Rahmen bis zu 100 Personen \u2026 Firmendinner &amp; Events von 50 bis 150 Personen unter:booking@mikropol-berlin.de Dem\u00e4chst Barrierefreiheit ... Read more","og_url":"https:\/\/mikropol-berlin.de\/en\/","og_site_name":"mikropol","article_publisher":"https:\/\/facebook.com\/mikropolberlin","article_modified_time":"2025-09-19T11:53:15+00:00","og_image":[{"url":"https:\/\/mikropol-berlin.de\/wp-content\/uploads\/2025\/06\/icon.svg","type":"","width":"","height":""}],"twitter_card":"summary_large_image","twitter_site":"@mikropolberlin","twitter_misc":{"Estimated reading time":"1 minute"},"schema":{"@context":"https:\/\/schema.org","@graph":[{"@type":"WebPage","@id":"https:\/\/mikropol-berlin.de\/","url":"https:\/\/mikropol-berlin.de\/","name":"mikropol - Dein Kulturkosmos im Herzen Berlins","isPartOf":{"@id":"https:\/\/mikropol-berlin.de\/#website"},"primaryImageOfPage":{"@id":"https:\/\/mikropol-berlin.de\/#primaryimage"},"image":{"@id":"https:\/\/mikropol-berlin.de\/#primaryimage"},"thumbnailUrl":"https:\/\/mikropol-berlin.de\/wp-content\/uploads\/2025\/06\/icon.svg","datePublished":"2025-07-31T14:57:15+00:00","dateModified":"2025-09-19T11:53:15+00:00","breadcrumb":{"@id":"https:\/\/mikropol-berlin.de\/#breadcrumb"},"inLanguage":"en-GB","potentialAction":[{"@type":"ReadAction","target":["https:\/\/mikropol-berlin.de\/"]}]},{"@type":"ImageObject","inLanguage":"en-GB","@id":"https:\/\/mikropol-berlin.de\/#primaryimage","url":"https:\/\/mikropol-berlin.de\/wp-content\/uploads\/2025\/06\/icon.svg","contentUrl":"https:\/\/mikropol-berlin.de\/wp-content\/uploads\/2025\/06\/icon.svg"},{"@type":"BreadcrumbList","@id":"https:\/\/mikropol-berlin.de\/#breadcrumb","itemListElement":[{"@type":"ListItem","position":1,"name":"Startseite","item":"https:\/\/mikropol-berlin.de\/"},{"@type":"ListItem","position":2,"name":"Home"}]},{"@type":"WebSite","@id":"https:\/\/mikropol-berlin.de\/#website","url":"https:\/\/mikropol-berlin.de\/","name":"Mikropol Berlin","description":"Dein Kulturkosmos im Herzen Berlins","publisher":{"@id":"https:\/\/mikropol-berlin.de\/#organization"},"potentialAction":[{"@type":"SearchAction","target":{"@type":"EntryPoint","urlTemplate":"https:\/\/mikropol-berlin.de\/?s={search_term_string}"},"query-input":{"@type":"PropertyValueSpecification","valueRequired":true,"valueName":"search_term_string"}}],"inLanguage":"en-GB"},{"@type":"Organization","@id":"https:\/\/mikropol-berlin.de\/#organization","name":"Mikropol Berlin","url":"https:\/\/mikropol-berlin.de\/","logo":{"@type":"ImageObject","inLanguage":"en-GB","@id":"https:\/\/mikropol-berlin.de\/#\/schema\/logo\/image\/","url":"https:\/\/mikropol-berlin.de\/wp-content\/uploads\/2024\/10\/logo.svg","contentUrl":"https:\/\/mikropol-berlin.de\/wp-content\/uploads\/2024\/10\/logo.svg","width":315,"height":81,"caption":"Mikropol Berlin"},"image":{"@id":"https:\/\/mikropol-berlin.de\/#\/schema\/logo\/image\/"},"sameAs":["https:\/\/facebook.com\/mikropolberlin","https:\/\/x.com\/mikropolberlin","https:\/\/instagram.com\/mikropolberlin"]}]}},"_links":{"self":[{"href":"https:\/\/mikropol-berlin.de\/en\/wp-json\/wp\/v2\/pages\/1875","targetHints":{"allow":["GET"]}}],"collection":[{"href":"https:\/\/mikropol-berlin.de\/en\/wp-json\/wp\/v2\/pages"}],"about":[{"href":"https:\/\/mikropol-berlin.de\/en\/wp-json\/wp\/v2\/types\/page"}],"author":[{"embeddable":true,"href":"https:\/\/mikropol-berlin.de\/en\/wp-json\/wp\/v2\/users\/2"}],"replies":[{"embeddable":true,"href":"https:\/\/mikropol-berlin.de\/en\/wp-json\/wp\/v2\/comments?post=1875"}],"version-history":[{"count":8,"href":"https:\/\/mikropol-berlin.de\/en\/wp-json\/wp\/v2\/pages\/1875\/revisions"}],"predecessor-version":[{"id":1996,"href":"https:\/\/mikropol-berlin.de\/en\/wp-json\/wp\/v2\/pages\/1875\/revisions\/1996"}],"wp:attachment":[{"href":"https:\/\/mikropol-berlin.de\/en\/wp-json\/wp\/v2\/media?parent=1875"}],"curies":[{"name":"wp","href":"https:\/\/api.w.org\/{rel}","templated":true}]}}