{"id":1647,"date":"2025-06-24T21:02:46","date_gmt":"2025-06-24T19:02:46","guid":{"rendered":"https:\/\/mikropol-berlin.de\/?page_id=1647"},"modified":"2025-09-01T12:44:57","modified_gmt":"2025-09-01T10:44:57","slug":"jobs","status":"publish","type":"page","link":"https:\/\/mikropol-berlin.de\/en\/jobs\/","title":{"rendered":"Jobs"},"content":{"rendered":"<div class=\"gb-container gb-container-cc34dee3\">\n\n<h1 class=\"wp-block-heading\">Jobs<\/h1>\n\n\n\n<p>Berlin bekommt einen neuen Lieblingsclub. <\/p>\n\n\n\n<p>Das Mikropol wird f\u00fcr bis zu 250 Personen Platz bieten und die Eventsparten Konzerte, Corporate und Club bedienen. Die Location ist hochwertig designed im Stil des alten Metropol Schauspielhauses. Musikalisch deckt die Venue ein breites Spektrum an Live Musik ab. Im Clubbereich sind unter Anderem queerfreundliche Parties mit Techno\/House Musik geplant.<\/p>\n\n\n<div class=\"gb-container gb-container-8e84d014\">\n\n<h2 class=\"wp-block-heading\">Gastrokraft (Bar \/ Garderobe)<\/h2>\n\n\n\n<p><em>\u00dcberwiegend Abend- &amp; Nachtarbeit<br>Hauptsaison Sept &#8211; April<\/em><\/p>\n\n\n\n<p><strong>Deine Aufgaben:<\/strong><br>Du arbeitest hinter dem Tresen als Servicekraft oder an der Garderobe. Du bereitest Cocktails zu, bedienst die Zapfanlage, f\u00fcllst selbst\u00e4ndig die K\u00fchlschr\u00e4nke auf und bereitest die Bar zur Schicht vor und k\u00fcmmerst dich um die Reinigung am Ende. An der Garderobe \u00fcbernimmst du die sorgf\u00e4ltige und organisierte Verwahrung von Kleidungsst\u00fccken und Taschen.<\/p>\n\n\n\n<p><strong>Was du mitbringst:<\/strong><br>Du hast ein H\u00e4ndchen f\u00fcr gute Drinks, kannst eine Zapfanlage sicher bedienen oder bist geschickt darin, Jacken, Schals und Taschen organisiert und sorgf\u00e4ltig zu verwahren? Dann bringst du schon tolle Voraussetzungen mit, um Teil unseres Gastro-Teams zu werden.<\/p>\n\n\n\n<p>Was uns besonders wichtig ist: Freude an der Arbeit, Zuverl\u00e4ssigkeit, Eigenverantwortung und ein freundlicher Umgang mit unseren G\u00e4sten. Wenn du au\u00dferdem gerne im Team arbeitest, auch in stressigen Momenten einen k\u00fchlen Kopf bewahrst und Lust auf spannende Veranstaltungen hast, bist du bei uns genau richtig.<\/p>\n\n\n\n<p><strong>Wer wir sind:<\/strong><br>Du kommst in die Familie der Trinity Music rein und greifst auf ein breites Spektrum an Know-How zur\u00fcck. Wir unterst\u00fctzen dich bei allen Fragen und helfen dir diese Aufgabe zu meistern.<\/p>\n\n<\/div>\n\n<div class=\"gb-container gb-container-01d88fcc\">\n\n<p class=\"gb-headline gb-headline-322e3c02 gb-headline-text\">Bewirb dich bitte per Mail an <a href=\"mailto:jobs@mikropol-berlin.de\">jobs@mikropol-berlin.de<\/a><\/p>\n\n<\/div>\n<\/div>","protected":false},"excerpt":{"rendered":"<p>Jobs Berlin bekommt einen neuen Lieblingsclub. Das Mikropol wird f\u00fcr bis zu 250 Personen Platz bieten und die Eventsparten Konzerte, Corporate und Club bedienen. Die Location ist hochwertig designed im Stil des alten Metropol Schauspielhauses. Musikalisch deckt die Venue ein breites Spektrum an Live Musik ab. Im Clubbereich sind unter Anderem queerfreundliche Parties mit Techno\/House &#8230; <a title=\"Jobs\" class=\"read-more\" href=\"https:\/\/mikropol-berlin.de\/en\/jobs\/\" aria-label=\"Read more about Jobs\">Read more<\/a><\/p>","protected":false},"author":2,"featured_media":0,"parent":0,"menu_order":0,"comment_status":"closed","ping_status":"closed","template":"","meta":{"_acf_changed":false,"footnotes":""},"class_list":["post-1647","page","type-page","status-publish"],"acf":[],"yoast_head":"<!-- This site is optimized with the Yoast SEO plugin v27.4 - https:\/\/yoast.com\/product\/yoast-seo-wordpress\/ -->\n<title>Jobs - mikropol<\/title>\n<meta name=\"robots\" content=\"index, follow, max-snippet:-1, max-image-preview:large, max-video-preview:-1\" \/>\n<link rel=\"canonical\" href=\"https:\/\/mikropol-berlin.de\/en\/jobs\/\" \/>\n<meta property=\"og:locale\" content=\"en_GB\" \/>\n<meta property=\"og:type\" content=\"article\" \/>\n<meta property=\"og:title\" content=\"Jobs - mikropol\" \/>\n<meta property=\"og:description\" content=\"Jobs Berlin bekommt einen neuen Lieblingsclub. Das Mikropol wird f\u00fcr bis zu 250 Personen Platz bieten und die Eventsparten Konzerte, Corporate und Club bedienen. Die Location ist hochwertig designed im Stil des alten Metropol Schauspielhauses. Musikalisch deckt die Venue ein breites Spektrum an Live Musik ab. Im Clubbereich sind unter Anderem queerfreundliche Parties mit Techno\/House ... Read more\" \/>\n<meta property=\"og:url\" content=\"https:\/\/mikropol-berlin.de\/en\/jobs\/\" \/>\n<meta property=\"og:site_name\" content=\"mikropol\" \/>\n<meta property=\"article:publisher\" content=\"https:\/\/facebook.com\/mikropolberlin\" \/>\n<meta property=\"article:modified_time\" content=\"2025-09-01T10:44:57+00:00\" \/>\n<meta name=\"twitter:card\" content=\"summary_large_image\" \/>\n<meta name=\"twitter:site\" content=\"@mikropolberlin\" \/>\n<meta name=\"twitter:label1\" content=\"Estimated reading time\" \/>\n\t<meta name=\"twitter:data1\" content=\"2 minutes\" \/>\n<script type=\"application\/ld+json\" class=\"yoast-schema-graph\">{\"@context\":\"https:\\\/\\\/schema.org\",\"@graph\":[{\"@type\":\"WebPage\",\"@id\":\"https:\\\/\\\/mikropol-berlin.de\\\/jobs\\\/\",\"url\":\"https:\\\/\\\/mikropol-berlin.de\\\/jobs\\\/\",\"name\":\"Jobs - mikropol\",\"isPartOf\":{\"@id\":\"https:\\\/\\\/mikropol-berlin.de\\\/#website\"},\"datePublished\":\"2025-06-24T19:02:46+00:00\",\"dateModified\":\"2025-09-01T10:44:57+00:00\",\"breadcrumb\":{\"@id\":\"https:\\\/\\\/mikropol-berlin.de\\\/jobs\\\/#breadcrumb\"},\"inLanguage\":\"en-GB\",\"potentialAction\":[{\"@type\":\"ReadAction\",\"target\":[\"https:\\\/\\\/mikropol-berlin.de\\\/jobs\\\/\"]}]},{\"@type\":\"BreadcrumbList\",\"@id\":\"https:\\\/\\\/mikropol-berlin.de\\\/jobs\\\/#breadcrumb\",\"itemListElement\":[{\"@type\":\"ListItem\",\"position\":1,\"name\":\"Startseite\",\"item\":\"https:\\\/\\\/mikropol-berlin.de\\\/\"},{\"@type\":\"ListItem\",\"position\":2,\"name\":\"Jobs\"}]},{\"@type\":\"WebSite\",\"@id\":\"https:\\\/\\\/mikropol-berlin.de\\\/#website\",\"url\":\"https:\\\/\\\/mikropol-berlin.de\\\/\",\"name\":\"Mikropol Berlin\",\"description\":\"Dein Kulturkosmos im Herzen Berlins\",\"publisher\":{\"@id\":\"https:\\\/\\\/mikropol-berlin.de\\\/#organization\"},\"potentialAction\":[{\"@type\":\"SearchAction\",\"target\":{\"@type\":\"EntryPoint\",\"urlTemplate\":\"https:\\\/\\\/mikropol-berlin.de\\\/?s={search_term_string}\"},\"query-input\":{\"@type\":\"PropertyValueSpecification\",\"valueRequired\":true,\"valueName\":\"search_term_string\"}}],\"inLanguage\":\"en-GB\"},{\"@type\":\"Organization\",\"@id\":\"https:\\\/\\\/mikropol-berlin.de\\\/#organization\",\"name\":\"Mikropol Berlin\",\"url\":\"https:\\\/\\\/mikropol-berlin.de\\\/\",\"logo\":{\"@type\":\"ImageObject\",\"inLanguage\":\"en-GB\",\"@id\":\"https:\\\/\\\/mikropol-berlin.de\\\/#\\\/schema\\\/logo\\\/image\\\/\",\"url\":\"https:\\\/\\\/mikropol-berlin.de\\\/wp-content\\\/uploads\\\/2024\\\/10\\\/logo.svg\",\"contentUrl\":\"https:\\\/\\\/mikropol-berlin.de\\\/wp-content\\\/uploads\\\/2024\\\/10\\\/logo.svg\",\"width\":315,\"height\":81,\"caption\":\"Mikropol Berlin\"},\"image\":{\"@id\":\"https:\\\/\\\/mikropol-berlin.de\\\/#\\\/schema\\\/logo\\\/image\\\/\"},\"sameAs\":[\"https:\\\/\\\/facebook.com\\\/mikropolberlin\",\"https:\\\/\\\/x.com\\\/mikropolberlin\",\"https:\\\/\\\/instagram.com\\\/mikropolberlin\"]}]}<\/script>\n<!-- \/ Yoast SEO plugin. -->","yoast_head_json":{"title":"Jobs - mikropol","robots":{"index":"index","follow":"follow","max-snippet":"max-snippet:-1","max-image-preview":"max-image-preview:large","max-video-preview":"max-video-preview:-1"},"canonical":"https:\/\/mikropol-berlin.de\/en\/jobs\/","og_locale":"en_GB","og_type":"article","og_title":"Jobs - mikropol","og_description":"Jobs Berlin bekommt einen neuen Lieblingsclub. Das Mikropol wird f\u00fcr bis zu 250 Personen Platz bieten und die Eventsparten Konzerte, Corporate und Club bedienen. Die Location ist hochwertig designed im Stil des alten Metropol Schauspielhauses. Musikalisch deckt die Venue ein breites Spektrum an Live Musik ab. Im Clubbereich sind unter Anderem queerfreundliche Parties mit Techno\/House ... Read more","og_url":"https:\/\/mikropol-berlin.de\/en\/jobs\/","og_site_name":"mikropol","article_publisher":"https:\/\/facebook.com\/mikropolberlin","article_modified_time":"2025-09-01T10:44:57+00:00","twitter_card":"summary_large_image","twitter_site":"@mikropolberlin","twitter_misc":{"Estimated reading time":"2 minutes"},"schema":{"@context":"https:\/\/schema.org","@graph":[{"@type":"WebPage","@id":"https:\/\/mikropol-berlin.de\/jobs\/","url":"https:\/\/mikropol-berlin.de\/jobs\/","name":"Jobs - mikropol","isPartOf":{"@id":"https:\/\/mikropol-berlin.de\/#website"},"datePublished":"2025-06-24T19:02:46+00:00","dateModified":"2025-09-01T10:44:57+00:00","breadcrumb":{"@id":"https:\/\/mikropol-berlin.de\/jobs\/#breadcrumb"},"inLanguage":"en-GB","potentialAction":[{"@type":"ReadAction","target":["https:\/\/mikropol-berlin.de\/jobs\/"]}]},{"@type":"BreadcrumbList","@id":"https:\/\/mikropol-berlin.de\/jobs\/#breadcrumb","itemListElement":[{"@type":"ListItem","position":1,"name":"Startseite","item":"https:\/\/mikropol-berlin.de\/"},{"@type":"ListItem","position":2,"name":"Jobs"}]},{"@type":"WebSite","@id":"https:\/\/mikropol-berlin.de\/#website","url":"https:\/\/mikropol-berlin.de\/","name":"Mikropol Berlin","description":"Dein Kulturkosmos im Herzen Berlins","publisher":{"@id":"https:\/\/mikropol-berlin.de\/#organization"},"potentialAction":[{"@type":"SearchAction","target":{"@type":"EntryPoint","urlTemplate":"https:\/\/mikropol-berlin.de\/?s={search_term_string}"},"query-input":{"@type":"PropertyValueSpecification","valueRequired":true,"valueName":"search_term_string"}}],"inLanguage":"en-GB"},{"@type":"Organization","@id":"https:\/\/mikropol-berlin.de\/#organization","name":"Mikropol Berlin","url":"https:\/\/mikropol-berlin.de\/","logo":{"@type":"ImageObject","inLanguage":"en-GB","@id":"https:\/\/mikropol-berlin.de\/#\/schema\/logo\/image\/","url":"https:\/\/mikropol-berlin.de\/wp-content\/uploads\/2024\/10\/logo.svg","contentUrl":"https:\/\/mikropol-berlin.de\/wp-content\/uploads\/2024\/10\/logo.svg","width":315,"height":81,"caption":"Mikropol Berlin"},"image":{"@id":"https:\/\/mikropol-berlin.de\/#\/schema\/logo\/image\/"},"sameAs":["https:\/\/facebook.com\/mikropolberlin","https:\/\/x.com\/mikropolberlin","https:\/\/instagram.com\/mikropolberlin"]}]}},"_links":{"self":[{"href":"https:\/\/mikropol-berlin.de\/en\/wp-json\/wp\/v2\/pages\/1647","targetHints":{"allow":["GET"]}}],"collection":[{"href":"https:\/\/mikropol-berlin.de\/en\/wp-json\/wp\/v2\/pages"}],"about":[{"href":"https:\/\/mikropol-berlin.de\/en\/wp-json\/wp\/v2\/types\/page"}],"author":[{"embeddable":true,"href":"https:\/\/mikropol-berlin.de\/en\/wp-json\/wp\/v2\/users\/2"}],"replies":[{"embeddable":true,"href":"https:\/\/mikropol-berlin.de\/en\/wp-json\/wp\/v2\/comments?post=1647"}],"version-history":[{"count":11,"href":"https:\/\/mikropol-berlin.de\/en\/wp-json\/wp\/v2\/pages\/1647\/revisions"}],"predecessor-version":[{"id":1955,"href":"https:\/\/mikropol-berlin.de\/en\/wp-json\/wp\/v2\/pages\/1647\/revisions\/1955"}],"wp:attachment":[{"href":"https:\/\/mikropol-berlin.de\/en\/wp-json\/wp\/v2\/media?parent=1647"}],"curies":[{"name":"wp","href":"https:\/\/api.w.org\/{rel}","templated":true}]}}